{"id":92,"date":"2023-05-05T09:56:29","date_gmt":"2023-05-05T07:56:29","guid":{"rendered":"https:\/\/morph.com.pl\/?post_type=product&#038;p=92"},"modified":"2023-05-15T12:00:18","modified_gmt":"2023-05-15T10:00:18","slug":"bransoletka-2","status":"publish","type":"product","link":"https:\/\/morph.com.pl\/?product=bransoletka-2","title":{"rendered":"Bransoletka"},"content":{"rendered":"<p>Pi\u0119kna bransoletka z motywem \u0107my wykonana z mosi\u0105dzu . Bransoletka zosta\u0142a stworzona w ramach wsp\u00f3lnego projektu z Kam\u0105 Salach . Bi\u017cuteria Imago by\u0142a dost\u0119pna w sprzeda\u017cy\u00a0 w trakcie trasy koncertowej tej wokalistki . Bransoletka nie powoduje alergii.\u00a0 Do ka\u017cdego zakupu dodajemy eleganckie pude\u0142ko.<\/p>\n","protected":false},"excerpt":{"rendered":"<p>Pi\u0119kna bransoletka z motywem \u0107my wykonana z mosi\u0105dzu . Bransoletka zosta\u0142a stworzona w ramach wsp\u00f3lnego projektu z Kam\u0105 Salach . Bi\u017cuteria Imago by\u0142a dost\u0119pna w sprzeda\u017cy\u00a0 w trakcie trasy koncertowej tej wokalistki . Bransoletka nie powoduje alergii.\u00a0 Do ka\u017cdego zakupu dodajemy eleganckie pude\u0142ko.<\/p>\n","protected":false},"featured_media":218,"template":"","meta":[],"product_brand":[],"product_cat":[21],"product_tag":[],"class_list":{"0":"post-92","1":"product","2":"type-product","3":"status-publish","4":"has-post-thumbnail","6":"product_cat-bransoletki","8":"first","9":"instock","10":"taxable","11":"shipping-taxable","12":"purchasable","13":"product-type-simple"},"jetpack_sharing_enabled":true,"_links":{"self":[{"href":"https:\/\/morph.com.pl\/index.php?rest_route=\/wp\/v2\/product\/92","targetHints":{"allow":["GET"]}}],"collection":[{"href":"https:\/\/morph.com.pl\/index.php?rest_route=\/wp\/v2\/product"}],"about":[{"href":"https:\/\/morph.com.pl\/index.php?rest_route=\/wp\/v2\/types\/product"}],"wp:featuredmedia":[{"embeddable":true,"href":"https:\/\/morph.com.pl\/index.php?rest_route=\/wp\/v2\/media\/218"}],"wp:attachment":[{"href":"https:\/\/morph.com.pl\/index.php?rest_route=%2Fwp%2Fv2%2Fmedia&parent=92"}],"wp:term":[{"taxonomy":"product_brand","embeddable":true,"href":"https:\/\/morph.com.pl\/index.php?rest_route=%2Fwp%2Fv2%2Fproduct_brand&post=92"},{"taxonomy":"product_cat","embeddable":true,"href":"https:\/\/morph.com.pl\/index.php?rest_route=%2Fwp%2Fv2%2Fproduct_cat&post=92"},{"taxonomy":"product_tag","embeddable":true,"href":"https:\/\/morph.com.pl\/index.php?rest_route=%2Fwp%2Fv2%2Fproduct_tag&post=92"}],"curies":[{"name":"wp","href":"https:\/\/api.w.org\/{rel}","templated":true}]}}