{"id":389,"date":"2023-06-13T12:00:16","date_gmt":"2023-06-13T10:00:16","guid":{"rendered":"https:\/\/morph.com.pl\/?post_type=product&#038;p=389"},"modified":"2023-06-15T11:32:06","modified_gmt":"2023-06-15T09:32:06","slug":"duza-opaska-z-kolekcji-twigs","status":"publish","type":"product","link":"https:\/\/morph.com.pl\/?product=duza-opaska-z-kolekcji-twigs","title":{"rendered":"Du\u017ca opaska z kolekcji Twigs"},"content":{"rendered":"<p>Najwi\u0119ksza opaska z kolekcji Branches . Z\u0142o\u017cona z wielu drobnych pr\u0119t\u00f3w z mosi\u0105dzu tworzy ozdob\u0119 g\u0142owy, kt\u00f3ra wielu osobom przypomina koron\u0119. Jest ciekawym i wyrazistym dodatkiem do stylizacji.\u00a0 Pasuje do lu\u017cno rozpuszczonych w\u0142os\u00f3w , jaki do pi\u0119knie upi\u0119tych kok\u00f3w.\u00a0 Do opaski dodawane jest eleganckie pude\u0142ko, co sprawia ze mo\u017ce sie ona sta\u0107 idealnym i ciekawym prezentem.<\/p>\n","protected":false},"excerpt":{"rendered":"<p>Najwi\u0119ksza opaska z kolekcji Branches . Z\u0142o\u017cona z wielu drobnych pr\u0119t\u00f3w z mosi\u0105dzu tworzy ozdob\u0119 g\u0142owy, kt\u00f3ra wielu osobom przypomina koron\u0119. Jest ciekawym i wyrazistym dodatkiem do stylizacji.\u00a0 Pasuje do lu\u017cno rozpuszczonych w\u0142os\u00f3w , jaki do pi\u0119knie upi\u0119tych kok\u00f3w.\u00a0 Do opaski dodawane jest eleganckie pude\u0142ko, co sprawia ze mo\u017ce sie ona sta\u0107 idealnym i ciekawym [&hellip;]<\/p>\n","protected":false},"featured_media":391,"template":"","meta":[],"product_brand":[],"product_cat":[25],"product_tag":[],"class_list":{"0":"post-389","1":"product","2":"type-product","3":"status-publish","4":"has-post-thumbnail","6":"product_cat-opaski","8":"first","9":"instock","10":"taxable","11":"shipping-taxable","12":"purchasable","13":"product-type-simple"},"jetpack_sharing_enabled":true,"_links":{"self":[{"href":"https:\/\/morph.com.pl\/index.php?rest_route=\/wp\/v2\/product\/389","targetHints":{"allow":["GET"]}}],"collection":[{"href":"https:\/\/morph.com.pl\/index.php?rest_route=\/wp\/v2\/product"}],"about":[{"href":"https:\/\/morph.com.pl\/index.php?rest_route=\/wp\/v2\/types\/product"}],"wp:featuredmedia":[{"embeddable":true,"href":"https:\/\/morph.com.pl\/index.php?rest_route=\/wp\/v2\/media\/391"}],"wp:attachment":[{"href":"https:\/\/morph.com.pl\/index.php?rest_route=%2Fwp%2Fv2%2Fmedia&parent=389"}],"wp:term":[{"taxonomy":"product_brand","embeddable":true,"href":"https:\/\/morph.com.pl\/index.php?rest_route=%2Fwp%2Fv2%2Fproduct_brand&post=389"},{"taxonomy":"product_cat","embeddable":true,"href":"https:\/\/morph.com.pl\/index.php?rest_route=%2Fwp%2Fv2%2Fproduct_cat&post=389"},{"taxonomy":"product_tag","embeddable":true,"href":"https:\/\/morph.com.pl\/index.php?rest_route=%2Fwp%2Fv2%2Fproduct_tag&post=389"}],"curies":[{"name":"wp","href":"https:\/\/api.w.org\/{rel}","templated":true}]}}