{"id":387,"date":"2023-06-12T18:43:50","date_gmt":"2023-06-12T16:43:50","guid":{"rendered":"https:\/\/morph.com.pl\/?post_type=product&#038;p=387"},"modified":"2023-06-12T18:44:17","modified_gmt":"2023-06-12T16:44:17","slug":"delikatna-opaska-z-kolekcji-leaves-2","status":"publish","type":"product","link":"https:\/\/morph.com.pl\/?product=delikatna-opaska-z-kolekcji-leaves-2","title":{"rendered":"Delikatna opaska z kolekcji Leaves"},"content":{"rendered":"<p>Bardzo ciekawa i kobieca opaska z kolekcji Leaves z wieloma elementami przypominaj\u0105cymi li\u015bcie. Ka\u017cdy fakturowany &#8222;listek &#8221; jest inny. Ca\u0142o\u015b\u0107 wykonana jest r\u0119cznie z mosi\u0105dzu. Ka\u017cda opaska jest nie co inna, co za tym idzie niepowtarzalna. Idealnie b\u0119dzie pasowa\u0107 do letnich stylizacji . Do ka\u017cdej ozdoby do\u0142\u0105czamy pi\u0119kne pude\u0142ko,\u00a0 dzi\u0119ki czemu nasze opaski mog\u0119 sta\u0107 sie idealnym prezentem dla jakiej\u015b wyj\u0105tkowej kobiety.<\/p>\n","protected":false},"excerpt":{"rendered":"<p>Bardzo ciekawa i kobieca opaska z kolekcji Leaves z wieloma elementami przypominaj\u0105cymi li\u015bcie. Ka\u017cdy fakturowany &#8222;listek &#8221; jest inny. Ca\u0142o\u015b\u0107 wykonana jest r\u0119cznie z mosi\u0105dzu. Ka\u017cda opaska jest nie co inna, co za tym idzie niepowtarzalna. Idealnie b\u0119dzie pasowa\u0107 do letnich stylizacji . Do ka\u017cdej ozdoby do\u0142\u0105czamy pi\u0119kne pude\u0142ko,\u00a0 dzi\u0119ki czemu nasze opaski mog\u0119 sta\u0107 [&hellip;]<\/p>\n","protected":false},"featured_media":388,"template":"","meta":[],"product_brand":[],"product_cat":[25],"product_tag":[],"class_list":{"0":"post-387","1":"product","2":"type-product","3":"status-publish","4":"has-post-thumbnail","6":"product_cat-opaski","8":"first","9":"onbackorder","10":"sold-individually","11":"taxable","12":"shipping-taxable","13":"purchasable","14":"product-type-simple"},"jetpack_sharing_enabled":true,"_links":{"self":[{"href":"https:\/\/morph.com.pl\/index.php?rest_route=\/wp\/v2\/product\/387","targetHints":{"allow":["GET"]}}],"collection":[{"href":"https:\/\/morph.com.pl\/index.php?rest_route=\/wp\/v2\/product"}],"about":[{"href":"https:\/\/morph.com.pl\/index.php?rest_route=\/wp\/v2\/types\/product"}],"wp:featuredmedia":[{"embeddable":true,"href":"https:\/\/morph.com.pl\/index.php?rest_route=\/wp\/v2\/media\/388"}],"wp:attachment":[{"href":"https:\/\/morph.com.pl\/index.php?rest_route=%2Fwp%2Fv2%2Fmedia&parent=387"}],"wp:term":[{"taxonomy":"product_brand","embeddable":true,"href":"https:\/\/morph.com.pl\/index.php?rest_route=%2Fwp%2Fv2%2Fproduct_brand&post=387"},{"taxonomy":"product_cat","embeddable":true,"href":"https:\/\/morph.com.pl\/index.php?rest_route=%2Fwp%2Fv2%2Fproduct_cat&post=387"},{"taxonomy":"product_tag","embeddable":true,"href":"https:\/\/morph.com.pl\/index.php?rest_route=%2Fwp%2Fv2%2Fproduct_tag&post=387"}],"curies":[{"name":"wp","href":"https:\/\/api.w.org\/{rel}","templated":true}]}}