{"id":375,"date":"2023-06-07T18:17:41","date_gmt":"2023-06-07T16:17:41","guid":{"rendered":"https:\/\/morph.com.pl\/?post_type=product&#038;p=375"},"modified":"2023-06-12T12:07:49","modified_gmt":"2023-06-12T10:07:49","slug":"efektowna-opaska-z-kolekcji-black","status":"publish","type":"product","link":"https:\/\/morph.com.pl\/?product=efektowna-opaska-z-kolekcji-black","title":{"rendered":"Efektowna opaska z kolekcji Black"},"content":{"rendered":"<p>Opaska z kolekcji Black\u00a0 to \u015bwietny dodatek do stylizacji na tak zwane &#8222;wielkie wyj\u015bcie&#8221;. Sk\u0142ada sie ze z\u0142otej opaski i czarnego &#8222;kwiatu&#8221;.\u00a0 Ca\u0142o\u015b\u0107 wykonana jest z mosi\u0105dzu , czarne elementy s\u0105 lakierowane.<\/p>\n","protected":false},"excerpt":{"rendered":"<p>Opaska z kolekcji Black\u00a0 to \u015bwietny dodatek do stylizacji na tak zwane &#8222;wielkie wyj\u015bcie&#8221;. Sk\u0142ada sie ze z\u0142otej opaski i czarnego &#8222;kwiatu&#8221;.\u00a0 Ca\u0142o\u015b\u0107 wykonana jest z mosi\u0105dzu , czarne elementy s\u0105 lakierowane.<\/p>\n","protected":false},"featured_media":376,"template":"","meta":[],"product_brand":[],"product_cat":[25],"product_tag":[],"class_list":{"0":"post-375","1":"product","2":"type-product","3":"status-publish","4":"has-post-thumbnail","6":"product_cat-opaski","8":"first","9":"onbackorder","10":"sold-individually","11":"taxable","12":"shipping-taxable","13":"purchasable","14":"product-type-simple"},"jetpack_sharing_enabled":true,"_links":{"self":[{"href":"https:\/\/morph.com.pl\/index.php?rest_route=\/wp\/v2\/product\/375","targetHints":{"allow":["GET"]}}],"collection":[{"href":"https:\/\/morph.com.pl\/index.php?rest_route=\/wp\/v2\/product"}],"about":[{"href":"https:\/\/morph.com.pl\/index.php?rest_route=\/wp\/v2\/types\/product"}],"wp:featuredmedia":[{"embeddable":true,"href":"https:\/\/morph.com.pl\/index.php?rest_route=\/wp\/v2\/media\/376"}],"wp:attachment":[{"href":"https:\/\/morph.com.pl\/index.php?rest_route=%2Fwp%2Fv2%2Fmedia&parent=375"}],"wp:term":[{"taxonomy":"product_brand","embeddable":true,"href":"https:\/\/morph.com.pl\/index.php?rest_route=%2Fwp%2Fv2%2Fproduct_brand&post=375"},{"taxonomy":"product_cat","embeddable":true,"href":"https:\/\/morph.com.pl\/index.php?rest_route=%2Fwp%2Fv2%2Fproduct_cat&post=375"},{"taxonomy":"product_tag","embeddable":true,"href":"https:\/\/morph.com.pl\/index.php?rest_route=%2Fwp%2Fv2%2Fproduct_tag&post=375"}],"curies":[{"name":"wp","href":"https:\/\/api.w.org\/{rel}","templated":true}]}}