{"id":370,"date":"2023-06-07T15:58:19","date_gmt":"2023-06-07T13:58:19","guid":{"rendered":"https:\/\/morph.com.pl\/?post_type=product&#038;p=370"},"modified":"2023-06-15T11:32:40","modified_gmt":"2023-06-15T09:32:40","slug":"srednia-opaska-z-kolekcji-twigs","status":"publish","type":"product","link":"https:\/\/morph.com.pl\/?product=srednia-opaska-z-kolekcji-twigs","title":{"rendered":"\u015arednia opaska z kolekcji Twigs"},"content":{"rendered":"<p>Delikatna opaska wykonana z mosi\u0105dzu wzorem przypominaj\u0105ca splecione ga\u0142\u0105zki drzew. Opaska \u015bredniej szeroko\u015bci ok 4cm.\u00a0 Oryginalny i nowoczesny design opaski tworzy niepowtarzaln\u0105 ozdob\u0119 na g\u0142ow\u0119. Do ka\u017cdej opaski dodawane jest eleganckie pude\u0142ko , ca\u0142o\u015b\u0107 mo\u017ce by\u0107 idealnym prezentem.<\/p>\n","protected":false},"excerpt":{"rendered":"<p>Delikatna opaska wykonana z mosi\u0105dzu wzorem przypominaj\u0105ca splecione ga\u0142\u0105zki drzew. Opaska \u015bredniej szeroko\u015bci ok 4cm.\u00a0 Oryginalny i nowoczesny design opaski tworzy niepowtarzaln\u0105 ozdob\u0119 na g\u0142ow\u0119. Do ka\u017cdej opaski dodawane jest eleganckie pude\u0142ko , ca\u0142o\u015b\u0107 mo\u017ce by\u0107 idealnym prezentem.<\/p>\n","protected":false},"featured_media":372,"template":"","meta":[],"product_brand":[],"product_cat":[25],"product_tag":[],"class_list":{"0":"post-370","1":"product","2":"type-product","3":"status-publish","4":"has-post-thumbnail","6":"product_cat-opaski","8":"first","9":"onbackorder","10":"sold-individually","11":"taxable","12":"shipping-taxable","13":"purchasable","14":"product-type-simple"},"jetpack_sharing_enabled":true,"_links":{"self":[{"href":"https:\/\/morph.com.pl\/index.php?rest_route=\/wp\/v2\/product\/370","targetHints":{"allow":["GET"]}}],"collection":[{"href":"https:\/\/morph.com.pl\/index.php?rest_route=\/wp\/v2\/product"}],"about":[{"href":"https:\/\/morph.com.pl\/index.php?rest_route=\/wp\/v2\/types\/product"}],"wp:featuredmedia":[{"embeddable":true,"href":"https:\/\/morph.com.pl\/index.php?rest_route=\/wp\/v2\/media\/372"}],"wp:attachment":[{"href":"https:\/\/morph.com.pl\/index.php?rest_route=%2Fwp%2Fv2%2Fmedia&parent=370"}],"wp:term":[{"taxonomy":"product_brand","embeddable":true,"href":"https:\/\/morph.com.pl\/index.php?rest_route=%2Fwp%2Fv2%2Fproduct_brand&post=370"},{"taxonomy":"product_cat","embeddable":true,"href":"https:\/\/morph.com.pl\/index.php?rest_route=%2Fwp%2Fv2%2Fproduct_cat&post=370"},{"taxonomy":"product_tag","embeddable":true,"href":"https:\/\/morph.com.pl\/index.php?rest_route=%2Fwp%2Fv2%2Fproduct_tag&post=370"}],"curies":[{"name":"wp","href":"https:\/\/api.w.org\/{rel}","templated":true}]}}