{"id":367,"date":"2023-06-07T14:46:37","date_gmt":"2023-06-07T12:46:37","guid":{"rendered":"https:\/\/morph.com.pl\/?post_type=product&#038;p=367"},"modified":"2023-06-12T12:16:35","modified_gmt":"2023-06-12T10:16:35","slug":"azurowa-opaska-z-kolekcji-waves","status":"publish","type":"product","link":"https:\/\/morph.com.pl\/?product=azurowa-opaska-z-kolekcji-waves","title":{"rendered":"A\u017curowa opaska z kolekcji Waves"},"content":{"rendered":"<p>Niezwykle oryginalna opaska z kolekcji Waves stworzona jest z mi\u0119kko powyginanych drut\u00f3w tworz\u0105cych bardzo nowoczesn\u0105 kompozycj\u0119.\u00a0 Mo\u017ce sta\u0107 si\u0119 ciekawym dodatkiem do niestandardowych stylizacji. Ozdoby\u00a0 na w\u0142osy s\u0105 ciekaw\u0105 alternatyw\u0105 dla tradycyjnych element\u00f3w bi\u017cuterii.\u00a0 Opaska w ca\u0142o\u015bci wykonana jest z mosi\u0105dzu . Mo\u017ce sta\u0107 si\u0119 ciekawym prezentem dla kogo\u015b wyj\u0105tkowego , od\u0142\u0105czamy do niej ozdobne pude\u0142ko.<\/p>\n","protected":false},"excerpt":{"rendered":"<p>Niezwykle oryginalna opaska z kolekcji Waves stworzona jest z mi\u0119kko powyginanych drut\u00f3w tworz\u0105cych bardzo nowoczesn\u0105 kompozycj\u0119.\u00a0 Mo\u017ce sta\u0107 si\u0119 ciekawym dodatkiem do niestandardowych stylizacji. Ozdoby\u00a0 na w\u0142osy s\u0105 ciekaw\u0105 alternatyw\u0105 dla tradycyjnych element\u00f3w bi\u017cuterii.\u00a0 Opaska w ca\u0142o\u015bci wykonana jest z mosi\u0105dzu . Mo\u017ce sta\u0107 si\u0119 ciekawym prezentem dla kogo\u015b wyj\u0105tkowego , od\u0142\u0105czamy do niej ozdobne [&hellip;]<\/p>\n","protected":false},"featured_media":368,"template":"","meta":[],"product_brand":[],"product_cat":[25],"product_tag":[],"class_list":{"0":"post-367","1":"product","2":"type-product","3":"status-publish","4":"has-post-thumbnail","6":"product_cat-opaski","8":"first","9":"onbackorder","10":"sold-individually","11":"taxable","12":"shipping-taxable","13":"purchasable","14":"product-type-simple"},"jetpack_sharing_enabled":true,"_links":{"self":[{"href":"https:\/\/morph.com.pl\/index.php?rest_route=\/wp\/v2\/product\/367","targetHints":{"allow":["GET"]}}],"collection":[{"href":"https:\/\/morph.com.pl\/index.php?rest_route=\/wp\/v2\/product"}],"about":[{"href":"https:\/\/morph.com.pl\/index.php?rest_route=\/wp\/v2\/types\/product"}],"wp:featuredmedia":[{"embeddable":true,"href":"https:\/\/morph.com.pl\/index.php?rest_route=\/wp\/v2\/media\/368"}],"wp:attachment":[{"href":"https:\/\/morph.com.pl\/index.php?rest_route=%2Fwp%2Fv2%2Fmedia&parent=367"}],"wp:term":[{"taxonomy":"product_brand","embeddable":true,"href":"https:\/\/morph.com.pl\/index.php?rest_route=%2Fwp%2Fv2%2Fproduct_brand&post=367"},{"taxonomy":"product_cat","embeddable":true,"href":"https:\/\/morph.com.pl\/index.php?rest_route=%2Fwp%2Fv2%2Fproduct_cat&post=367"},{"taxonomy":"product_tag","embeddable":true,"href":"https:\/\/morph.com.pl\/index.php?rest_route=%2Fwp%2Fv2%2Fproduct_tag&post=367"}],"curies":[{"name":"wp","href":"https:\/\/api.w.org\/{rel}","templated":true}]}}