{"id":358,"date":"2023-06-06T17:14:36","date_gmt":"2023-06-06T15:14:36","guid":{"rendered":"https:\/\/morph.com.pl\/?post_type=product&#038;p=358"},"modified":"2023-06-12T12:17:38","modified_gmt":"2023-06-12T10:17:38","slug":"efektowna-opaska-z-kolekcji-gravel","status":"publish","type":"product","link":"https:\/\/morph.com.pl\/?product=efektowna-opaska-z-kolekcji-gravel","title":{"rendered":"Efektowna opaska z kolekcji Gravel"},"content":{"rendered":"<p>Opaska z kolekcji Gravel\u00a0 to \u015bwietny dodatek do stylizacji na tak zwane &#8222;wielkie wyj\u015bcie&#8221;. Niby minimalistyczna bo sk\u0142ada sie z trzech kszta\u0142t\u00f3w przypominaj\u0105cych li\u015bcie opartych na prostej opasce , ale dzi\u0119ki wklejonym w nie drobnym po\u0142yskuj\u0105cym\u00a0 kamyczkom nabiera niezwykle efektownego charakteru. Opaska wykonana jest mosi\u0105dzu i rozdrobnionego w\u0119glika krzemu czyli karborundu. Kamie\u0144 mieni sie i po\u0142yskuje powoduj\u0105c, \u017ce ca\u0142o\u015b\u0107 wygl\u0105da niezwykle elegancko.<\/p>\n","protected":false},"excerpt":{"rendered":"<p>Opaska z kolekcji Gravel\u00a0 to \u015bwietny dodatek do stylizacji na tak zwane &#8222;wielkie wyj\u015bcie&#8221;. Niby minimalistyczna bo sk\u0142ada sie z trzech kszta\u0142t\u00f3w przypominaj\u0105cych li\u015bcie opartych na prostej opasce , ale dzi\u0119ki wklejonym w nie drobnym po\u0142yskuj\u0105cym\u00a0 kamyczkom nabiera niezwykle efektownego charakteru. Opaska wykonana jest mosi\u0105dzu i rozdrobnionego w\u0119glika krzemu czyli karborundu. Kamie\u0144 mieni sie i [&hellip;]<\/p>\n","protected":false},"featured_media":365,"template":"","meta":[],"product_brand":[],"product_cat":[25],"product_tag":[],"class_list":{"0":"post-358","1":"product","2":"type-product","3":"status-publish","4":"has-post-thumbnail","6":"product_cat-opaski","8":"first","9":"onbackorder","10":"sold-individually","11":"taxable","12":"shipping-taxable","13":"purchasable","14":"product-type-simple"},"jetpack_sharing_enabled":true,"_links":{"self":[{"href":"https:\/\/morph.com.pl\/index.php?rest_route=\/wp\/v2\/product\/358","targetHints":{"allow":["GET"]}}],"collection":[{"href":"https:\/\/morph.com.pl\/index.php?rest_route=\/wp\/v2\/product"}],"about":[{"href":"https:\/\/morph.com.pl\/index.php?rest_route=\/wp\/v2\/types\/product"}],"wp:featuredmedia":[{"embeddable":true,"href":"https:\/\/morph.com.pl\/index.php?rest_route=\/wp\/v2\/media\/365"}],"wp:attachment":[{"href":"https:\/\/morph.com.pl\/index.php?rest_route=%2Fwp%2Fv2%2Fmedia&parent=358"}],"wp:term":[{"taxonomy":"product_brand","embeddable":true,"href":"https:\/\/morph.com.pl\/index.php?rest_route=%2Fwp%2Fv2%2Fproduct_brand&post=358"},{"taxonomy":"product_cat","embeddable":true,"href":"https:\/\/morph.com.pl\/index.php?rest_route=%2Fwp%2Fv2%2Fproduct_cat&post=358"},{"taxonomy":"product_tag","embeddable":true,"href":"https:\/\/morph.com.pl\/index.php?rest_route=%2Fwp%2Fv2%2Fproduct_tag&post=358"}],"curies":[{"name":"wp","href":"https:\/\/api.w.org\/{rel}","templated":true}]}}