{"id":353,"date":"2023-06-06T15:55:07","date_gmt":"2023-06-06T13:55:07","guid":{"rendered":"https:\/\/morph.com.pl\/?post_type=product&#038;p=353"},"modified":"2023-06-12T12:21:26","modified_gmt":"2023-06-12T10:21:26","slug":"minimalistyczna-opaska-z-kolekcji-leaves","status":"publish","type":"product","link":"https:\/\/morph.com.pl\/?product=minimalistyczna-opaska-z-kolekcji-leaves","title":{"rendered":"Prosta opaska z kolekcji Leaves"},"content":{"rendered":"<p>Minimalistyczna\u00a0 opaska z dwoma elementami z fakturowanego mosi\u0105dzu przypominaj\u0105cymi drobne listki. Idealna do letnich z stylizacji, na wyprawy za miasto\u00a0 ale tak\u017ce jako\u00a0 dodatek do ubioru na spotkanie biznesowe . Wszystkie produkty Morph s\u0105 wykonywane r\u0119cznie w naszej warszawskiej pracowni, dzi\u0119ki temu ka\u017cda opaska jest nieco inna a co za tym idzie niepowtarzalna.\u00a0 Kiedy szybko chcemy stworzy\u0107 niepowtarzalny wizerunek, nie wiemy co zrobi\u0107 z w\u0142osami opaska jest idealnym rozwi\u0105zaniem.<\/p>\n","protected":false},"excerpt":{"rendered":"<p>Minimalistyczna\u00a0 opaska z dwoma elementami z fakturowanego mosi\u0105dzu przypominaj\u0105cymi drobne listki. Idealna do letnich z stylizacji, na wyprawy za miasto\u00a0 ale tak\u017ce jako\u00a0 dodatek do ubioru na spotkanie biznesowe . Wszystkie produkty Morph s\u0105 wykonywane r\u0119cznie w naszej warszawskiej pracowni, dzi\u0119ki temu ka\u017cda opaska jest nieco inna a co za tym idzie niepowtarzalna.\u00a0 Kiedy szybko [&hellip;]<\/p>\n","protected":false},"featured_media":355,"template":"","meta":[],"product_brand":[],"product_cat":[25],"product_tag":[],"class_list":{"0":"post-353","1":"product","2":"type-product","3":"status-publish","4":"has-post-thumbnail","6":"product_cat-opaski","8":"first","9":"onbackorder","10":"sold-individually","11":"taxable","12":"shipping-taxable","13":"purchasable","14":"product-type-simple"},"jetpack_sharing_enabled":true,"_links":{"self":[{"href":"https:\/\/morph.com.pl\/index.php?rest_route=\/wp\/v2\/product\/353","targetHints":{"allow":["GET"]}}],"collection":[{"href":"https:\/\/morph.com.pl\/index.php?rest_route=\/wp\/v2\/product"}],"about":[{"href":"https:\/\/morph.com.pl\/index.php?rest_route=\/wp\/v2\/types\/product"}],"wp:featuredmedia":[{"embeddable":true,"href":"https:\/\/morph.com.pl\/index.php?rest_route=\/wp\/v2\/media\/355"}],"wp:attachment":[{"href":"https:\/\/morph.com.pl\/index.php?rest_route=%2Fwp%2Fv2%2Fmedia&parent=353"}],"wp:term":[{"taxonomy":"product_brand","embeddable":true,"href":"https:\/\/morph.com.pl\/index.php?rest_route=%2Fwp%2Fv2%2Fproduct_brand&post=353"},{"taxonomy":"product_cat","embeddable":true,"href":"https:\/\/morph.com.pl\/index.php?rest_route=%2Fwp%2Fv2%2Fproduct_cat&post=353"},{"taxonomy":"product_tag","embeddable":true,"href":"https:\/\/morph.com.pl\/index.php?rest_route=%2Fwp%2Fv2%2Fproduct_tag&post=353"}],"curies":[{"name":"wp","href":"https:\/\/api.w.org\/{rel}","templated":true}]}}