{"id":346,"date":"2023-06-06T14:59:35","date_gmt":"2023-06-06T12:59:35","guid":{"rendered":"https:\/\/morph.com.pl\/?post_type=product&#038;p=346"},"modified":"2023-06-12T12:22:02","modified_gmt":"2023-06-12T10:22:02","slug":"delikatna-opaska-z-kolekcji-leaves","status":"publish","type":"product","link":"https:\/\/morph.com.pl\/?product=delikatna-opaska-z-kolekcji-leaves","title":{"rendered":"Delikatna opaska z kolekcji Leaves"},"content":{"rendered":"<p>Pi\u0119kna opaska z elementami z fakturowanego mosi\u0105dzu przypominaj\u0105cymi drobne listki. Idealnie pasuje do letnich zwiewnych sukienek jak i\u00a0 minimalistycznej eleganckiej stylizacji. Wszystkie produkty Morph s\u0105 wykonywane r\u0119cznie w naszej warszawskiej pracowni, dzi\u0119ki temu ka\u017cda opaska jest nieco inna a co za tym idzie niepowtarzalna. Opaski bi\u017cuteryjne s\u0105 ciekawym nieco nietypowym dodatkiem uzupe\u0142niaj\u0105cym ka\u017cd\u0105 kreacj\u0119. Pozwalaj\u0105 stworzy\u0107\u00a0 niepowtarzalny wizerunek.<\/p>\n","protected":false},"excerpt":{"rendered":"<p>Pi\u0119kna opaska z elementami z fakturowanego mosi\u0105dzu przypominaj\u0105cymi drobne listki. Idealnie pasuje do letnich zwiewnych sukienek jak i\u00a0 minimalistycznej eleganckiej stylizacji. Wszystkie produkty Morph s\u0105 wykonywane r\u0119cznie w naszej warszawskiej pracowni, dzi\u0119ki temu ka\u017cda opaska jest nieco inna a co za tym idzie niepowtarzalna. Opaski bi\u017cuteryjne s\u0105 ciekawym nieco nietypowym dodatkiem uzupe\u0142niaj\u0105cym ka\u017cd\u0105 kreacj\u0119. Pozwalaj\u0105 [&hellip;]<\/p>\n","protected":false},"featured_media":349,"template":"","meta":[],"product_brand":[],"product_cat":[25],"product_tag":[],"class_list":{"0":"post-346","1":"product","2":"type-product","3":"status-publish","4":"has-post-thumbnail","6":"product_cat-opaski","8":"first","9":"onbackorder","10":"sold-individually","11":"taxable","12":"shipping-taxable","13":"purchasable","14":"product-type-simple"},"jetpack_sharing_enabled":true,"_links":{"self":[{"href":"https:\/\/morph.com.pl\/index.php?rest_route=\/wp\/v2\/product\/346","targetHints":{"allow":["GET"]}}],"collection":[{"href":"https:\/\/morph.com.pl\/index.php?rest_route=\/wp\/v2\/product"}],"about":[{"href":"https:\/\/morph.com.pl\/index.php?rest_route=\/wp\/v2\/types\/product"}],"wp:featuredmedia":[{"embeddable":true,"href":"https:\/\/morph.com.pl\/index.php?rest_route=\/wp\/v2\/media\/349"}],"wp:attachment":[{"href":"https:\/\/morph.com.pl\/index.php?rest_route=%2Fwp%2Fv2%2Fmedia&parent=346"}],"wp:term":[{"taxonomy":"product_brand","embeddable":true,"href":"https:\/\/morph.com.pl\/index.php?rest_route=%2Fwp%2Fv2%2Fproduct_brand&post=346"},{"taxonomy":"product_cat","embeddable":true,"href":"https:\/\/morph.com.pl\/index.php?rest_route=%2Fwp%2Fv2%2Fproduct_cat&post=346"},{"taxonomy":"product_tag","embeddable":true,"href":"https:\/\/morph.com.pl\/index.php?rest_route=%2Fwp%2Fv2%2Fproduct_tag&post=346"}],"curies":[{"name":"wp","href":"https:\/\/api.w.org\/{rel}","templated":true}]}}