{"id":25,"date":"2023-04-24T20:48:30","date_gmt":"2023-04-24T18:48:30","guid":{"rendered":"http:\/\/morph.com.pl\/?product=hoodie-with-logo"},"modified":"2023-05-15T12:40:09","modified_gmt":"2023-05-15T10:40:09","slug":"hoodie-with-logo","status":"publish","type":"product","link":"https:\/\/morph.com.pl\/?product=hoodie-with-logo","title":{"rendered":"Kolczyki Ko\u0142a"},"content":{"rendered":"<p>Nowoczesne i jednocze\u015bnie ponadczasowe w swej stylistyce kolczyki\u00a0 wykonane z mosi\u0105dzu i srebra. Pasuj\u0105 do eleganckich stylizacji ale r\u00f3wnie dobrze b\u0119d\u0105 wygl\u0105da\u0142y, kiedy mamy na sobie bardziej\u00a0 np. rockowe w charakterze ubranie. Nie powoduj\u0105 alergii, wszystkie elementy maj\u0105ce kontakt z uchem zrobione s\u0105 ze srebra. Do kolczyk\u00f3w dodawane jest pi\u0119kne czarne pude\u0142ko , co powoduje ze ca\u0142o\u015b\u0107 idealnie nadaje sie na prezent.<\/p>\n<p>&nbsp;<\/p>\n","protected":false},"excerpt":{"rendered":"<p>Nowoczesne i jednocze\u015bnie ponadczasowe w swej stylistyce kolczyki\u00a0 wykonane z mosi\u0105dzu i srebra. Pasuj\u0105 do eleganckich stylizacji ale r\u00f3wnie dobrze b\u0119d\u0105 wygl\u0105da\u0142y, kiedy mamy na sobie bardziej\u00a0 np. rockowe w charakterze ubranie. Nie powoduj\u0105 alergii, wszystkie elementy maj\u0105ce kontakt z uchem zrobione s\u0105 ze srebra. Do kolczyk\u00f3w dodawane jest pi\u0119kne czarne pude\u0142ko , co powoduje [&hellip;]<\/p>\n","protected":false},"featured_media":31,"template":"","meta":[],"product_brand":[],"product_cat":[24],"product_tag":[],"class_list":{"0":"post-25","1":"product","2":"type-product","3":"status-publish","4":"has-post-thumbnail","6":"product_cat-kolczyki","8":"first","9":"instock","10":"taxable","11":"shipping-taxable","12":"purchasable","13":"product-type-simple"},"jetpack_sharing_enabled":true,"_links":{"self":[{"href":"https:\/\/morph.com.pl\/index.php?rest_route=\/wp\/v2\/product\/25","targetHints":{"allow":["GET"]}}],"collection":[{"href":"https:\/\/morph.com.pl\/index.php?rest_route=\/wp\/v2\/product"}],"about":[{"href":"https:\/\/morph.com.pl\/index.php?rest_route=\/wp\/v2\/types\/product"}],"wp:featuredmedia":[{"embeddable":true,"href":"https:\/\/morph.com.pl\/index.php?rest_route=\/wp\/v2\/media\/31"}],"wp:attachment":[{"href":"https:\/\/morph.com.pl\/index.php?rest_route=%2Fwp%2Fv2%2Fmedia&parent=25"}],"wp:term":[{"taxonomy":"product_brand","embeddable":true,"href":"https:\/\/morph.com.pl\/index.php?rest_route=%2Fwp%2Fv2%2Fproduct_brand&post=25"},{"taxonomy":"product_cat","embeddable":true,"href":"https:\/\/morph.com.pl\/index.php?rest_route=%2Fwp%2Fv2%2Fproduct_cat&post=25"},{"taxonomy":"product_tag","embeddable":true,"href":"https:\/\/morph.com.pl\/index.php?rest_route=%2Fwp%2Fv2%2Fproduct_tag&post=25"}],"curies":[{"name":"wp","href":"https:\/\/api.w.org\/{rel}","templated":true}]}}