{"id":233,"date":"2023-05-15T15:46:30","date_gmt":"2023-05-15T13:46:30","guid":{"rendered":"https:\/\/morph.com.pl\/?post_type=product&#038;p=233"},"modified":"2023-05-15T16:25:33","modified_gmt":"2023-05-15T14:25:33","slug":"233","status":"publish","type":"product","link":"https:\/\/morph.com.pl\/?product=233","title":{"rendered":"Kolczyki Fire 3KD"},"content":{"rendered":"<p>Oryginalne du\u017ce kolczyki na sztyfcie\u00a0 wykonane z\u00a0 fakturowanej powierzchni. Wykonane zosta\u0142y z mosi\u0105dzu , sztyft ze srebra. Ciekawe fakturowanie powsta\u0142o pod wp\u0142ywem bardzo wysokiej temperatury i za ka\u017cdym razem jest nieznacznie inne, co powoduje ze kolczyki s\u0105 niepowtarzalne.<\/p>\n","protected":false},"excerpt":{"rendered":"<p>Oryginalne du\u017ce kolczyki na sztyfcie\u00a0 wykonane z\u00a0 fakturowanej powierzchni. Wykonane zosta\u0142y z mosi\u0105dzu , sztyft ze srebra. Ciekawe fakturowanie powsta\u0142o pod wp\u0142ywem bardzo wysokiej temperatury i za ka\u017cdym razem jest nieznacznie inne, co powoduje ze kolczyki s\u0105 niepowtarzalne.<\/p>\n","protected":false},"featured_media":240,"template":"","meta":[],"product_brand":[],"product_cat":[24],"product_tag":[],"class_list":{"0":"post-233","1":"product","2":"type-product","3":"status-publish","4":"has-post-thumbnail","6":"product_cat-kolczyki","8":"first","9":"instock","10":"taxable","11":"shipping-taxable","12":"purchasable","13":"product-type-simple"},"jetpack_sharing_enabled":true,"_links":{"self":[{"href":"https:\/\/morph.com.pl\/index.php?rest_route=\/wp\/v2\/product\/233","targetHints":{"allow":["GET"]}}],"collection":[{"href":"https:\/\/morph.com.pl\/index.php?rest_route=\/wp\/v2\/product"}],"about":[{"href":"https:\/\/morph.com.pl\/index.php?rest_route=\/wp\/v2\/types\/product"}],"wp:featuredmedia":[{"embeddable":true,"href":"https:\/\/morph.com.pl\/index.php?rest_route=\/wp\/v2\/media\/240"}],"wp:attachment":[{"href":"https:\/\/morph.com.pl\/index.php?rest_route=%2Fwp%2Fv2%2Fmedia&parent=233"}],"wp:term":[{"taxonomy":"product_brand","embeddable":true,"href":"https:\/\/morph.com.pl\/index.php?rest_route=%2Fwp%2Fv2%2Fproduct_brand&post=233"},{"taxonomy":"product_cat","embeddable":true,"href":"https:\/\/morph.com.pl\/index.php?rest_route=%2Fwp%2Fv2%2Fproduct_cat&post=233"},{"taxonomy":"product_tag","embeddable":true,"href":"https:\/\/morph.com.pl\/index.php?rest_route=%2Fwp%2Fv2%2Fproduct_tag&post=233"}],"curies":[{"name":"wp","href":"https:\/\/api.w.org\/{rel}","templated":true}]}}