{"id":216,"date":"2023-05-12T16:31:50","date_gmt":"2023-05-12T14:31:50","guid":{"rendered":"https:\/\/morph.com.pl\/?post_type=product&#038;p=216"},"modified":"2023-05-15T11:42:56","modified_gmt":"2023-05-15T09:42:56","slug":"bransoletka-2-2","status":"publish","type":"product","link":"https:\/\/morph.com.pl\/?product=bransoletka-2-2","title":{"rendered":"Bransoletka 2"},"content":{"rendered":"<p>Bransoletka o\u00a0 nowoczesnym wzorze. Pr\u0119ty tworz\u0105ce j\u0105 przypominaj\u0105 swym kszta\u0142tem delikatne spl\u0105tane ga\u0142\u0105zki. Wykonano j\u0105 z mosi\u0105dzu i zabezpieczono przed zmian\u0105 koloru. Ten wyj\u0105tkowy element bi\u017cuterii stworzony zosta\u0142 na specjaln\u0105 okazj\u0119. By\u0142 to wspolny projekt z artystk\u0105 Kam\u0105 Salach , linia bi\u017cuterii zaprojektowana dla trasy koncertowej Imago.<\/p>\n<p>Do ka\u017cdej bransoletki dodawane jest efektowne pude\u0142ko ,w ca\u0142o\u015bci idealnie nadaje sie na prezent.<\/p>\n","protected":false},"excerpt":{"rendered":"<p>Bransoletka o\u00a0 nowoczesnym wzorze. Pr\u0119ty tworz\u0105ce j\u0105 przypominaj\u0105 swym kszta\u0142tem delikatne spl\u0105tane ga\u0142\u0105zki. Wykonano j\u0105 z mosi\u0105dzu i zabezpieczono przed zmian\u0105 koloru. Ten wyj\u0105tkowy element bi\u017cuterii stworzony zosta\u0142 na specjaln\u0105 okazj\u0119. By\u0142 to wspolny projekt z artystk\u0105 Kam\u0105 Salach , linia bi\u017cuterii zaprojektowana dla trasy koncertowej Imago. Do ka\u017cdej bransoletki dodawane jest efektowne pude\u0142ko ,w [&hellip;]<\/p>\n","protected":false},"featured_media":217,"template":"","meta":[],"product_brand":[],"product_cat":[21],"product_tag":[],"class_list":{"0":"post-216","1":"product","2":"type-product","3":"status-publish","4":"has-post-thumbnail","6":"product_cat-bransoletki","8":"first","9":"instock","10":"taxable","11":"shipping-taxable","12":"purchasable","13":"product-type-simple"},"jetpack_sharing_enabled":true,"_links":{"self":[{"href":"https:\/\/morph.com.pl\/index.php?rest_route=\/wp\/v2\/product\/216","targetHints":{"allow":["GET"]}}],"collection":[{"href":"https:\/\/morph.com.pl\/index.php?rest_route=\/wp\/v2\/product"}],"about":[{"href":"https:\/\/morph.com.pl\/index.php?rest_route=\/wp\/v2\/types\/product"}],"wp:featuredmedia":[{"embeddable":true,"href":"https:\/\/morph.com.pl\/index.php?rest_route=\/wp\/v2\/media\/217"}],"wp:attachment":[{"href":"https:\/\/morph.com.pl\/index.php?rest_route=%2Fwp%2Fv2%2Fmedia&parent=216"}],"wp:term":[{"taxonomy":"product_brand","embeddable":true,"href":"https:\/\/morph.com.pl\/index.php?rest_route=%2Fwp%2Fv2%2Fproduct_brand&post=216"},{"taxonomy":"product_cat","embeddable":true,"href":"https:\/\/morph.com.pl\/index.php?rest_route=%2Fwp%2Fv2%2Fproduct_cat&post=216"},{"taxonomy":"product_tag","embeddable":true,"href":"https:\/\/morph.com.pl\/index.php?rest_route=%2Fwp%2Fv2%2Fproduct_tag&post=216"}],"curies":[{"name":"wp","href":"https:\/\/api.w.org\/{rel}","templated":true}]}}