{"id":118,"date":"2023-05-10T11:38:42","date_gmt":"2023-05-10T09:38:42","guid":{"rendered":"https:\/\/morph.com.pl\/?post_type=product&#038;p=118"},"modified":"2023-05-15T11:52:10","modified_gmt":"2023-05-15T09:52:10","slug":"pinkola","status":"publish","type":"product","link":"https:\/\/morph.com.pl\/?product=pinkola","title":{"rendered":"Pin 1"},"content":{"rendered":"<p>Pin w kszta\u0142cie \u0107my .Ciekawy element dekoracyjny , kt\u00f3ry mo\u017cna wpi\u0105\u0107 w marynark\u0119, czy sweter. Pin wykonany zosta\u0142 z mosi\u0105dzu. Powsta\u0142 w ramach linii bi\u017cuterii wykonanej razem z Kam\u0105 Salach dla trasy koncertowej Imago .<\/p>\n","protected":false},"excerpt":{"rendered":"<p>Pin w kszta\u0142cie \u0107my .Ciekawy element dekoracyjny , kt\u00f3ry mo\u017cna wpi\u0105\u0107 w marynark\u0119, czy sweter. Pin wykonany zosta\u0142 z mosi\u0105dzu. Powsta\u0142 w ramach linii bi\u017cuterii wykonanej razem z Kam\u0105 Salach dla trasy koncertowej Imago .<\/p>\n","protected":false},"featured_media":215,"template":"","meta":[],"product_brand":[],"product_cat":[26],"product_tag":[],"class_list":{"0":"post-118","1":"product","2":"type-product","3":"status-publish","4":"has-post-thumbnail","6":"product_cat-piny","8":"first","9":"instock","10":"taxable","11":"shipping-taxable","12":"purchasable","13":"product-type-simple"},"jetpack_sharing_enabled":true,"_links":{"self":[{"href":"https:\/\/morph.com.pl\/index.php?rest_route=\/wp\/v2\/product\/118","targetHints":{"allow":["GET"]}}],"collection":[{"href":"https:\/\/morph.com.pl\/index.php?rest_route=\/wp\/v2\/product"}],"about":[{"href":"https:\/\/morph.com.pl\/index.php?rest_route=\/wp\/v2\/types\/product"}],"wp:featuredmedia":[{"embeddable":true,"href":"https:\/\/morph.com.pl\/index.php?rest_route=\/wp\/v2\/media\/215"}],"wp:attachment":[{"href":"https:\/\/morph.com.pl\/index.php?rest_route=%2Fwp%2Fv2%2Fmedia&parent=118"}],"wp:term":[{"taxonomy":"product_brand","embeddable":true,"href":"https:\/\/morph.com.pl\/index.php?rest_route=%2Fwp%2Fv2%2Fproduct_brand&post=118"},{"taxonomy":"product_cat","embeddable":true,"href":"https:\/\/morph.com.pl\/index.php?rest_route=%2Fwp%2Fv2%2Fproduct_cat&post=118"},{"taxonomy":"product_tag","embeddable":true,"href":"https:\/\/morph.com.pl\/index.php?rest_route=%2Fwp%2Fv2%2Fproduct_tag&post=118"}],"curies":[{"name":"wp","href":"https:\/\/api.w.org\/{rel}","templated":true}]}}