{"id":319,"date":"2023-05-22T13:55:32","date_gmt":"2023-05-22T11:55:32","guid":{"rendered":"https:\/\/morph.com.pl\/?page_id=319"},"modified":"2023-05-22T13:56:44","modified_gmt":"2023-05-22T11:56:44","slug":"dostawa","status":"publish","type":"page","link":"https:\/\/morph.com.pl\/?page_id=319","title":{"rendered":"Dostawa"},"content":{"rendered":"\n<p>Czas realizacji zam\u00f3wienia wynosi do 10&nbsp;dni roboczych. W przypadku zam\u00f3wie\u0144 indywidualnych lub wymagaj\u0105cych spersonalizowania, czas realizacji zam\u00f3wienia wynosi 15&nbsp;dni roboczych.<br>Sprzedawca realizuje zam\u00f3wienia w terminach wskazanych powy\u017cej, przy czym zam\u00f3wienia z\u0142o\u017cone w dni robocze po godzinie 16.00, oraz w dni wolne od pracy (soboty, niedziele, \u015bwi\u0119ta), uznawane b\u0119d\u0105 za z\u0142o\u017cone w najbli\u017cszym kolejnym dniu roboczym i od tego dnia liczony b\u0119dzie termin do ich realizacji.<\/p>\n\n\n\n<p>W wyj\u0105tkowych przypadkach, np. gdy zam\u00f3wiony Produkt nie jest aktualnie dost\u0119pny w Sklepie, Sprzedawca dopuszcza d\u0142u\u017cszy termin realizacji zam\u00f3wienia, o kt\u00f3rym obowi\u0105zany jest poinformowa\u0107 Klienta w e-mailu potwierdzaj\u0105cym przyj\u0119cie zam\u00f3wienia do realizacji. W takiej sytuacji, brak zmiany lub wycofania zam\u00f3wienia przez Klienta w terminie dw\u00f3ch dni roboczych od otrzymania e-maila od Sprzedawcy, oznacza wyra\u017cenie zgody na wyd\u0142u\u017cenie terminu realizacji zam\u00f3wienia, zgodnie z przewidywaniami Sprzedawcy.<br>Za dni robocze uwa\u017ca si\u0119 dni tygodnia z wy\u0142\u0105czeniem dni wolnych od pracy (sob\u00f3t, niedziel i dni \u015bwi\u0105tecznych).<\/p>\n\n\n\n<p>Zam\u00f3wiony Produkt wysy\u0142any jest przez Sprzedawc\u0119 do Klienta za po\u015brednictwem firmy kurierskiej&nbsp;DHL, DHL Express lub Paczkomat\u00f3w Inpost.&nbsp;<br>Koszty zwi\u0105zane z wysy\u0142k\u0105 Produktu do Klienta, ponosi Klient.<\/p>\n\n\n\n<p>Koszt przesy\u0142ki Produktu do Klienta na terenie Polski wynosi:<br>\u2013 16,00 (pi\u0119tna\u015bcie) z\u0142otych \u2013 przy wysy\u0142ce za po\u015brednictwem firmy kurierskiej DHL przy warto\u015bci zam\u00f3wienia poni\u017cej 400 z\u0142;<\/p>\n\n\n\n<p>\u2013 16,00 (pi\u0119tna\u015bcie) z\u0142otych \u2013 przy wysy\u0142ce za po\u015brednictwem paczkomat\u00f3w Inpost przy warto\u015bci zam\u00f3wienia poni\u017cej 400 z\u0142;<\/p>\n\n\n\n<p>\u2013 25,00 (dwadzie\u015bcia pi\u0119\u0107) z\u0142otych przy wysy\u0142ce&nbsp;za po\u015brednictwem firmy kurierskiej DHL lub paczkomat\u00f3w Inpost z form\u0105 p\u0142atno\u015bci za pobraniem, niezale\u017cnie od warto\u015bci zam\u00f3wienia;<\/p>\n\n\n\n<p>\u2013 koszty wysy\u0142ek zagranicznych s\u0105 uzale\u017cnione od kraju przeznaczenia;<\/p>\n\n\n\n<p>\u2013 przedp\u0142acone zam\u00f3wienia o warto\u015bci min. 400 z\u0142 na terenie Polski s\u0105 wysy\u0142ane bezp\u0142atnie;<\/p>\n\n\n\n<p>Sprzedawca zastrzega sobie mo\u017cliwo\u015b\u0107 zmiany wysoko\u015bci koszt\u00f3w przesy\u0142ki zwi\u0105zanych z realizacj\u0105 konkretnego zam\u00f3wienia, z uwagi na jego warto\u015b\u0107, ilo\u015b\u0107 Produkt\u00f3w, specyficzny charakter Produktu wymagaj\u0105cy specjalnego opakowania w transporcie itp.<br>Koszty przesy\u0142ki Produktu do Klienta poza terytorium Polski, jak r\u00f3wnie\u017c ostateczn\u0105 wysoko\u015b\u0107 kosztu przesy\u0142ki danego Produktu na terytorium Polski, Sprzedawca ka\u017cdorazowo wska\u017ce Klientowi w e-mailu potwierdzaj\u0105cym przyj\u0119cie zam\u00f3wienia do realizacji.<\/p>\n","protected":false},"excerpt":{"rendered":"<p>Czas realizacji zam\u00f3wienia wynosi do 10&nbsp;dni roboczych. W przypadku zam\u00f3wie\u0144 indywidualnych lub wymagaj\u0105cych spersonalizowania, czas realizacji zam\u00f3wienia wynosi 15&nbsp;dni roboczych.Sprzedawca realizuje zam\u00f3wienia w terminach wskazanych powy\u017cej, przy czym zam\u00f3wienia z\u0142o\u017cone w dni robocze po godzinie 16.00, oraz w dni wolne od pracy (soboty, niedziele, \u015bwi\u0119ta), uznawane b\u0119d\u0105 za z\u0142o\u017cone w najbli\u017cszym kolejnym dniu roboczym i [&hellip;]<\/p>\n","protected":false},"author":2,"featured_media":0,"parent":0,"menu_order":0,"comment_status":"closed","ping_status":"closed","template":"","meta":{"footnotes":""},"class_list":["post-319","page","type-page","status-publish","hentry"],"jetpack_sharing_enabled":true,"_links":{"self":[{"href":"https:\/\/morph.com.pl\/index.php?rest_route=\/wp\/v2\/pages\/319","targetHints":{"allow":["GET"]}}],"collection":[{"href":"https:\/\/morph.com.pl\/index.php?rest_route=\/wp\/v2\/pages"}],"about":[{"href":"https:\/\/morph.com.pl\/index.php?rest_route=\/wp\/v2\/types\/page"}],"author":[{"embeddable":true,"href":"https:\/\/morph.com.pl\/index.php?rest_route=\/wp\/v2\/users\/2"}],"replies":[{"embeddable":true,"href":"https:\/\/morph.com.pl\/index.php?rest_route=%2Fwp%2Fv2%2Fcomments&post=319"}],"version-history":[{"count":2,"href":"https:\/\/morph.com.pl\/index.php?rest_route=\/wp\/v2\/pages\/319\/revisions"}],"predecessor-version":[{"id":321,"href":"https:\/\/morph.com.pl\/index.php?rest_route=\/wp\/v2\/pages\/319\/revisions\/321"}],"wp:attachment":[{"href":"https:\/\/morph.com.pl\/index.php?rest_route=%2Fwp%2Fv2%2Fmedia&parent=319"}],"curies":[{"name":"wp","href":"https:\/\/api.w.org\/{rel}","templated":true}]}}