{"id":316,"date":"2023-05-22T11:00:47","date_gmt":"2023-05-22T09:00:47","guid":{"rendered":"https:\/\/morph.com.pl\/?page_id=316"},"modified":"2023-05-22T11:00:47","modified_gmt":"2023-05-22T09:00:47","slug":"platnosci","status":"publish","type":"page","link":"https:\/\/morph.com.pl\/?page_id=316","title":{"rendered":"P\u0142atno\u015bci"},"content":{"rendered":"\n<p>Sklep przewiduje nast\u0119puj\u0105ce formy p\u0142atno\u015bci ceny za Produkty:<br>1. Przelew na rachunek Sklepu: Credit Agricole numer rachunku: 07 1940 1076 5847 9956 0000 0000, w tytule przelewu nale\u017cy wskaza\u0107 numer zam\u00f3wienia lub symbol zam\u00f3wionego Produktu podany przy jego opisie w Sklepie;<br>2. karta kredytowa\/e-Przelew \u2013 zap\u0142ata realizowana w czasie rzeczywistym, poprzez wykorzystanie form p\u0142atno\u015bci wskazanych w Sklepie bezpo\u015brednio przez Sprzedawc\u0119 lub podmiot dzia\u0142aj\u0105cy na zlecenie Sprzedawcy;<br>3. za pobraniem \u2013 zap\u0142ata realizowana podczas przekazywania przesy\u0142ki, wys\u0142anej firm\u0105 kuriersk\u0105 lub paczkomatem Inpost.<br>W przypadku wyboru przez Klienta \u201eprzelewu\u201d jako formy p\u0142atno\u015bci, brak zaksi\u0119gowania na rachunek Sklepu wp\u0142aty ceny za Produkt w terminie 10 dni kalendarzowych liczonych od dnia potwierdzenia e-mailem przez Sprzedawc\u0119 przyj\u0119cia zam\u00f3wienia do realizacji, skutkuje anulowaniem zam\u00f3wienia.<\/p>\n","protected":false},"excerpt":{"rendered":"<p>Sklep przewiduje nast\u0119puj\u0105ce formy p\u0142atno\u015bci ceny za Produkty:1. Przelew na rachunek Sklepu: Credit Agricole numer rachunku: 07 1940 1076 5847 9956 0000 0000, w tytule przelewu nale\u017cy wskaza\u0107 numer zam\u00f3wienia lub symbol zam\u00f3wionego Produktu podany przy jego opisie w Sklepie;2. karta kredytowa\/e-Przelew \u2013 zap\u0142ata realizowana w czasie rzeczywistym, poprzez wykorzystanie form p\u0142atno\u015bci wskazanych w Sklepie [&hellip;]<\/p>\n","protected":false},"author":2,"featured_media":0,"parent":0,"menu_order":0,"comment_status":"closed","ping_status":"closed","template":"","meta":{"footnotes":""},"class_list":["post-316","page","type-page","status-publish","hentry"],"jetpack_sharing_enabled":true,"_links":{"self":[{"href":"https:\/\/morph.com.pl\/index.php?rest_route=\/wp\/v2\/pages\/316","targetHints":{"allow":["GET"]}}],"collection":[{"href":"https:\/\/morph.com.pl\/index.php?rest_route=\/wp\/v2\/pages"}],"about":[{"href":"https:\/\/morph.com.pl\/index.php?rest_route=\/wp\/v2\/types\/page"}],"author":[{"embeddable":true,"href":"https:\/\/morph.com.pl\/index.php?rest_route=\/wp\/v2\/users\/2"}],"replies":[{"embeddable":true,"href":"https:\/\/morph.com.pl\/index.php?rest_route=%2Fwp%2Fv2%2Fcomments&post=316"}],"version-history":[{"count":1,"href":"https:\/\/morph.com.pl\/index.php?rest_route=\/wp\/v2\/pages\/316\/revisions"}],"predecessor-version":[{"id":317,"href":"https:\/\/morph.com.pl\/index.php?rest_route=\/wp\/v2\/pages\/316\/revisions\/317"}],"wp:attachment":[{"href":"https:\/\/morph.com.pl\/index.php?rest_route=%2Fwp%2Fv2%2Fmedia&parent=316"}],"curies":[{"name":"wp","href":"https:\/\/api.w.org\/{rel}","templated":true}]}}