{"id":302,"date":"2023-05-21T14:06:56","date_gmt":"2023-05-21T12:06:56","guid":{"rendered":"https:\/\/morph.com.pl\/?page_id=302"},"modified":"2023-05-21T14:17:21","modified_gmt":"2023-05-21T12:17:21","slug":"111-2","status":"publish","type":"page","link":"https:\/\/morph.com.pl\/?page_id=302","title":{"rendered":"Piel\u0119gnacja bi\u017cuterii"},"content":{"rendered":"\n<p>Nasza bi\u017cuteria wykonywana jest g\u0142\u00f3wnie z mosi\u0105dzu . Podobnie jak w przypadku innych metali aby ozdoby d\u0142ugo zachowywa\u0142y \u0142adny wygl\u0105d trzeba post\u0119powa\u0107 zgodnie z kilkoma zasadami.<\/p>\n\n\n\n<p><\/p>\n","protected":false},"excerpt":{"rendered":"<p>Nasza bi\u017cuteria wykonywana jest g\u0142\u00f3wnie z mosi\u0105dzu . Podobnie jak w przypadku innych metali aby ozdoby d\u0142ugo zachowywa\u0142y \u0142adny wygl\u0105d trzeba post\u0119powa\u0107 zgodnie z kilkoma zasadami.<\/p>\n","protected":false},"author":2,"featured_media":0,"parent":0,"menu_order":0,"comment_status":"closed","ping_status":"closed","template":"","meta":{"footnotes":""},"class_list":["post-302","page","type-page","status-publish","hentry"],"jetpack_sharing_enabled":true,"_links":{"self":[{"href":"https:\/\/morph.com.pl\/index.php?rest_route=\/wp\/v2\/pages\/302","targetHints":{"allow":["GET"]}}],"collection":[{"href":"https:\/\/morph.com.pl\/index.php?rest_route=\/wp\/v2\/pages"}],"about":[{"href":"https:\/\/morph.com.pl\/index.php?rest_route=\/wp\/v2\/types\/page"}],"author":[{"embeddable":true,"href":"https:\/\/morph.com.pl\/index.php?rest_route=\/wp\/v2\/users\/2"}],"replies":[{"embeddable":true,"href":"https:\/\/morph.com.pl\/index.php?rest_route=%2Fwp%2Fv2%2Fcomments&post=302"}],"version-history":[{"count":3,"href":"https:\/\/morph.com.pl\/index.php?rest_route=\/wp\/v2\/pages\/302\/revisions"}],"predecessor-version":[{"id":308,"href":"https:\/\/morph.com.pl\/index.php?rest_route=\/wp\/v2\/pages\/302\/revisions\/308"}],"wp:attachment":[{"href":"https:\/\/morph.com.pl\/index.php?rest_route=%2Fwp%2Fv2%2Fmedia&parent=302"}],"curies":[{"name":"wp","href":"https:\/\/api.w.org\/{rel}","templated":true}]}}