{"id":300,"date":"2023-05-21T14:05:48","date_gmt":"2023-05-21T12:05:48","guid":{"rendered":"https:\/\/morph.com.pl\/?page_id=300"},"modified":"2023-05-21T14:10:35","modified_gmt":"2023-05-21T12:10:35","slug":"gwarancja-i-zwroty","status":"publish","type":"page","link":"https:\/\/morph.com.pl\/?page_id=300","title":{"rendered":"Gwarancja i zwroty"},"content":{"rendered":"\n<p>Klient, zgodnie z Ustaw\u0105 z dnia 30 maja 2014 r. o prawach konsumenta (tekst jednolity: Dz. U. z 2020, poz. &nbsp;287 ze zm.). mo\u017ce odst\u0105pi\u0107 od umowy sprzeda\u017cy Produktu bez podania przyczyny w ci\u0105gu 14 dni od daty obj\u0119cia przez niego Produktu w posiadanie lub wskazan\u0105 przez niego osob\u0119 trzeci\u0105 inn\u0105 ni\u017c przewo\u017anik. O\u015bwiadczenie o odst\u0105pieniu od umowy mo\u017ce dotyczy\u0107 wszystkich zakupionych towar\u00f3w albo ich cz\u0119\u015bci.<\/p>\n\n\n\n<p>Aby odst\u0105pi\u0107 od umowy nale\u017cy przes\u0142a\u0107 do Sprzedawcy o\u015bwiadczenie o odst\u0105pieniu od umowy. O\u015bwiadczenie mo\u017cna przes\u0142a\u0107 w formie pisemnej na adres siedziby Sprzedawcy, korzystaj\u0105c z formularza dost\u0119pnego na stronie internetowej Sklepu. O\u015bwiadczenie mo\u017cna r\u00f3wnie\u017c z\u0142o\u017cy\u0107 drog\u0105 elektroniczn\u0105 wysy\u0142aj\u0105c formularz i wysy\u0142aj\u0105c go na adres e-mail:\u00a0<a rel=\"noreferrer noopener\" href=\"https:\/\/morph.com.pl\/\" data-type=\"URL\" data-id=\"https:\/\/morph.com.pl\/\" target=\"_blank\"><strong>morph.com.pl<\/strong><\/a>\u00a0lub wysy\u0142aj\u0105c jakiekolwiek inne jednoznaczne o\u015bwiadczenie na stron\u0119 internetow\u0105 Serwisu. Je\u017celi U\u017cytkownik skorzysta z ostatniego wspomnianego sposobu sk\u0142adania o\u015bwiadczenia o odst\u0105pieniu od umowy, Sprzedawca niezw\u0142ocznie prze\u015ble Klientowi na podany przez niego adres e-mail potwierdzenie otrzymania informacji o odst\u0105pieniu od umowy.<\/p>\n\n\n\n<p>W razie odst\u0105pienia od umowy sprzeda\u017cy towaru ka\u017cda ze stron ma obowi\u0105zek zwr\u00f3ci\u0107 drugiej wszystko, co otrzyma\u0142a na mocy umowy. Sprzedawca dokonuje zwrotu \u015bwiadcze\u0144 najp\u00f3\u017aniej w terminie 14 dni od dnia otrzymania o\u015bwiadczenia o odst\u0105pieniu od umowy, z tym jednak zastrze\u017ceniem, \u017ce mo\u017ce wstrzyma\u0107 si\u0119 ze zwrotem p\u0142atno\u015bci otrzymanych od Klienta do chwili otrzymania towaru z powrotem.&nbsp;Zwrot p\u0142atno\u015bci nast\u0119puje przy u\u017cyciu takich samych sposob\u00f3w p\u0142atno\u015bci, jakie zosta\u0142y przez Klienta u\u017cyte w pierwotnej transakcji, chyba \u017ce w o\u015bwiadczeniu o odst\u0105pieniu od umowy zakupu Produktu Klient zgodzi\u0142 si\u0119 na inne rozwi\u0105zanie. Inne rozwi\u0105zanie powinno by\u0107 wskazane przez Klienta w sk\u0142adanym o\u015bwiadczeniu o odst\u0105pieniu od umowy zakupu Produktu.<\/p>\n\n\n\n<p>Niezw\u0142ocznie, jednak nie p\u00f3\u017aniej ni\u017c w terminie 14 dni od dnia z\u0142o\u017cenia o\u015bwiadczenia o odst\u0105pieniu od umowy zakupu Produktu, Klient odsy\u0142a Sprzedawcy zakupiony Produkt na adres podany na stronie internetowej Sklepu. Do zachowania terminu wystarczy odes\u0142anie Produktu przed jego up\u0142ywem. Zwrot towaru do Sklepu nast\u0119puje na koszt Klienta. Klient odpowiada wzgl\u0119dem Sprzedawcy za zmniejszenie warto\u015bci Produktu wynikaj\u0105ce z korzystania z niego w spos\u00f3b inny ni\u017c by\u0142o to konieczne do stwierdzenia charakteru, cech i funkcjonowania rzeczy.<\/p>\n\n\n\n<p>Klientowi nie przys\u0142uguje prawo odst\u0105pienia od umowy zakupu w wypadkach wskazanych w art. 38 Ustawy o prawach konsumenta.<br>Sprzedawca o\u015bwiadcza, i\u017c nie przyjmuje przesy\u0142ek za pobraniem.<\/p>\n\n\n\n<p>Produkty personalizowane i wykonane na indywidualne zam\u00f3wienie klienta nie podlegaj\u0105 zwrotom.<\/p>\n","protected":false},"excerpt":{"rendered":"<p>Klient, zgodnie z Ustaw\u0105 z dnia 30 maja 2014 r. o prawach konsumenta (tekst jednolity: Dz. U. z 2020, poz. &nbsp;287 ze zm.). mo\u017ce odst\u0105pi\u0107 od umowy sprzeda\u017cy Produktu bez podania przyczyny w ci\u0105gu 14 dni od daty obj\u0119cia przez niego Produktu w posiadanie lub wskazan\u0105 przez niego osob\u0119 trzeci\u0105 inn\u0105 ni\u017c przewo\u017anik. O\u015bwiadczenie o [&hellip;]<\/p>\n","protected":false},"author":2,"featured_media":0,"parent":0,"menu_order":0,"comment_status":"closed","ping_status":"closed","template":"","meta":{"footnotes":""},"class_list":["post-300","page","type-page","status-publish","hentry"],"jetpack_sharing_enabled":true,"_links":{"self":[{"href":"https:\/\/morph.com.pl\/index.php?rest_route=\/wp\/v2\/pages\/300","targetHints":{"allow":["GET"]}}],"collection":[{"href":"https:\/\/morph.com.pl\/index.php?rest_route=\/wp\/v2\/pages"}],"about":[{"href":"https:\/\/morph.com.pl\/index.php?rest_route=\/wp\/v2\/types\/page"}],"author":[{"embeddable":true,"href":"https:\/\/morph.com.pl\/index.php?rest_route=\/wp\/v2\/users\/2"}],"replies":[{"embeddable":true,"href":"https:\/\/morph.com.pl\/index.php?rest_route=%2Fwp%2Fv2%2Fcomments&post=300"}],"version-history":[{"count":2,"href":"https:\/\/morph.com.pl\/index.php?rest_route=\/wp\/v2\/pages\/300\/revisions"}],"predecessor-version":[{"id":305,"href":"https:\/\/morph.com.pl\/index.php?rest_route=\/wp\/v2\/pages\/300\/revisions\/305"}],"wp:attachment":[{"href":"https:\/\/morph.com.pl\/index.php?rest_route=%2Fwp%2Fv2%2Fmedia&parent=300"}],"curies":[{"name":"wp","href":"https:\/\/api.w.org\/{rel}","templated":true}]}}